{"id":328,"date":"2024-04-01T18:46:00","date_gmt":"2024-04-01T16:46:00","guid":{"rendered":"https:\/\/www.fotobuffet.de\/wordpress\/?page_id=328"},"modified":"2024-04-01T19:27:45","modified_gmt":"2024-04-01T17:27:45","slug":"datenschutzerklaerung","status":"publish","type":"page","link":"https:\/\/www.fotobuffet.de\/wordpress\/datenschutzerklaerung\/","title":{"rendered":"Datenschutzerkl\u00e4rung"},"content":{"rendered":"<p>Datenschutzerkl\u00e4rung<\/p>\n<p>Verantwortlicher f\u00fcr die Datenverarbeitung ist:<br \/>\nHeike Scholz<br \/>\nKielufer 69<br \/>\n12059 Berlin<br \/>\nTelefon: +49 (0) 30 61288882<br \/>\nE-Mail:  fotoheike[at]nickname[punkt]berlin[punkt]de<\/p>\n<p>Verantwortlich f\u00fcr den Inhalt nach \u00a7 55 Abs. 2 RStV:<\/p>\n<p>Heike Scholz<br \/>\nKiehlufer 69<br \/>\n12059 Berlin<\/p>\n<p>Ich freuen mich \u00fcber Ihr Interesse an meiner Website. Der Schutz Ihrer Privatsph\u00e4re ist mir sehr wichtig. Nachstehend informiere ich Sie ausf\u00fchrlich \u00fcber den Umgang mit Ihren Daten.<br \/>\n1. Zugriffsdaten und Hosting<\/p>\n<p>Sie k\u00f6nnen unsere Webseiten besuchen, ohne Angaben zu Ihrer Person zu machen. Bei jedem Aufruf einer Webseite speichert der Webserver lediglich automatisch ein sogenanntes Server-Logfile, das z.B. den Namen der angeforderten Datei, Ihre IP-Adresse, Datum und Uhrzeit des Abrufs, \u00fcbertragene Datenmenge und den anfragenden Provider (Zugriffsdaten) enth\u00e4lt und den Abruf dokumentiert.<\/p>\n<p>&#8212;<br \/>\n2. Datenerhebung und -verwendung zur Vertragsabwicklung<\/p>\n<p>Wir erheben personenbezogene Daten, wenn Sie uns diese im Rahmen Ihrer Bestellung oder bei einer Kontaktaufnahme mit uns (z.B. per Kontaktformular oder E-Mail) mitteilen. Pflichtfelder werden als solche gekennzeichnet, da wir in diesen F\u00e4llen die Daten zwingend zur Vertragsabwicklung, bzw. zur Bearbeitung Ihrer Kontaktaufnahme ben\u00f6tigen und Sie ohne deren Angabe die Bestellung nicht abschlie\u00dfen, bzw. die Kontaktaufnahme nicht versenden k\u00f6nnen. Welche Daten erhoben werden, ist aus den jeweiligen Eingabeformularen ersichtlich. Wir verwenden die von ihnen mitgeteilten Daten gem\u00e4\u00df Art. 6 Abs. 1<\/p>\n<p>&#8212;<br \/>\n3. Datenweitergabe<\/p>\n<p>Zur Vertragserf\u00fcllung gem\u00e4\u00df Art. 6 Abs. 1 S. 1 lit. b DSGVO geben wir Ihre Daten an das mit der Lieferung beauftragte Versandunternehmen weiter, soweit dies zur Lieferung bestellter Waren erforderlich ist. Je nach dem, welchen Zahlungsdienstleister Sie im Bestellprozess ausw\u00e4hlen, geben wir zur Abwicklung von Zahlungen die hierf\u00fcr erhobenen Zahlungsdaten an das mit der Zahlung beauftragte Kreditinstitut und ggf. von uns beauftragte Zahlungsdienstleister weiter.<\/p>\n<p>&#8212;<br \/>\n4. Kontaktm\u00f6glichkeiten und Ihre Rechte<\/p>\n<p>Als Betroffener haben Sie folgende Rechte:<\/p>\n<p>    gem\u00e4\u00df Art. 15 DSGVO das Recht, in dem dort bezeichneten Umfang Auskunft \u00fcber Ihre von uns verarbeiteten personenbezogenen Daten zu verlangen;<br \/>\n    gem\u00e4\u00df Art. 16 DSGVO das Recht, unverz\u00fcglich die Berichtigung unrichtiger oder Vervollst\u00e4ndigung Ihrer bei uns gespeicherten personenbezogenen Daten zu verlangen;<\/p>\n<p>gem\u00e4\u00df Art. 17 DSGVO das Recht, die L\u00f6schung Ihrer bei uns gespeicherten personenbezogenen Daten zu verlangen, soweit nicht die weitere Verarbeitung<br \/>\n&#8211; zur Aus\u00fcbung des Rechts auf freie Meinungs\u00e4u\u00dferung und Information;<br \/>\n&#8211; zur Erf\u00fcllung einer rechtlichen (&#8230;)<\/p>\n<p>5. Zur Verwaltung der eingesetzten Cookies und \u00e4hnlichen Technologien (Tracking-Pixel, Web-Beacons etc.) und diesbez\u00fcglicher Einwilligungen setze ich das Consent Tool &#8222;Real Cookie Banner&#8220; ein. Details zur Funktionsweise von &#8222;Real Cookie Banner&#8220; findest du unter <a href=\"https:\/\/devowl.io\/de\/rcb\/datenverarbeitung\/\" rel=\"noreferrer noopener\" target=\"_blank\">https:\/\/devowl.io\/de\/rcb\/datenverarbeitung\/<\/a>.<\/p>\n<p>Rechtsgrundlagen f\u00fcr die Verarbeitung von personenbezogenen Daten in diesem Zusammenhang sind Art. 6 Abs. 1 lit. c DS-GVO und Art. 6 Abs. 1 lit. f DS-GVO. Unser berechtigtes Interesse ist die Verwaltung der eingesetzten Cookies und \u00e4hnlichen Technologien und der diesbez\u00fcglichen Einwilligungen.<\/p>\n<p>Die Bereitstellung der personenbezogenen Daten ist weder vertraglich vorgeschrieben noch f\u00fcr den Abschluss eines Vertrages notwendig. Du bist nicht verpflichtet die personenbezogenen Daten bereitzustellen. Wenn du die personenbezogenen Daten nicht bereitstellst, k\u00f6nnen wir deine Einwilligungen nicht verwalten.<\/p>\n<p>Einwilligungen oder Widerspruch gegen eine bestimmte Datenverwendung wenden Sie sich bitte direkt an uns \u00fcber die Kontaktdaten in unserem Impressum.<\/p>\n<p>Datenschutzbeauftragter:<br \/>\nHeike Scholz<br \/>\n12059 Berlin<br \/>\nTelefon: +49 (0) 30 61 28 88 82<br \/>\nE-Mail:  fotoheike[at]nickname[punkt]berlin[punkt]de<\/p>\n","protected":false},"excerpt":{"rendered":"<p>Datenschutzerkl\u00e4rung Verantwortlicher f\u00fcr die Datenverarbeitung ist: Heike Scholz Kielufer 69 12059 Berlin Telefon: +49 (0) 30 61288882 E-Mail: fotoheike[at]nickname[punkt]berlin[punkt]de Verantwortlich f\u00fcr den Inhalt nach \u00a7 55 Abs. 2 RStV: Heike Scholz Kiehlufer 69 12059 Berlin Ich freuen mich \u00fcber Ihr Interesse an meiner Website. Der Schutz Ihrer Privatsph\u00e4re ist mir sehr wichtig. Nachstehend informiere ich [&hellip;]<\/p>\n","protected":false},"author":2,"featured_media":0,"parent":0,"menu_order":0,"comment_status":"closed","ping_status":"closed","template":"","meta":{"footnotes":""},"jetpack_sharing_enabled":true,"_links":{"self":[{"href":"https:\/\/www.fotobuffet.de\/wordpress\/wp-json\/wp\/v2\/pages\/328"}],"collection":[{"href":"https:\/\/www.fotobuffet.de\/wordpress\/wp-json\/wp\/v2\/pages"}],"about":[{"href":"https:\/\/www.fotobuffet.de\/wordpress\/wp-json\/wp\/v2\/types\/page"}],"author":[{"embeddable":true,"href":"https:\/\/www.fotobuffet.de\/wordpress\/wp-json\/wp\/v2\/users\/2"}],"replies":[{"embeddable":true,"href":"https:\/\/www.fotobuffet.de\/wordpress\/wp-json\/wp\/v2\/comments?post=328"}],"version-history":[{"count":2,"href":"https:\/\/www.fotobuffet.de\/wordpress\/wp-json\/wp\/v2\/pages\/328\/revisions"}],"predecessor-version":[{"id":330,"href":"https:\/\/www.fotobuffet.de\/wordpress\/wp-json\/wp\/v2\/pages\/328\/revisions\/330"}],"wp:attachment":[{"href":"https:\/\/www.fotobuffet.de\/wordpress\/wp-json\/wp\/v2\/media?parent=328"}],"curies":[{"name":"wp","href":"https:\/\/api.w.org\/{rel}","templated":true}]}}